{"id":9,"date":"2018-03-25T14:09:15","date_gmt":"2018-03-25T14:09:15","guid":{"rendered":"http:\/\/rau-bal.hu\/?page_id=9"},"modified":"2023-09-08T07:46:14","modified_gmt":"2023-09-08T07:46:14","slug":"elerhetoseg","status":"publish","type":"page","link":"https:\/\/rau-bal.hu\/index.php\/elerhetoseg\/","title":{"rendered":"El\u00e9rhet\u0151s\u00e9g"},"content":{"rendered":"<h3>RAU-BAL Kft.<\/h3>\n<p><strong>C\u00edm:<\/strong><br \/>\n7631 P\u00e9cs, Nagypostav\u00f6lgyi \u00fat 48.<\/p>\n<p><strong>Telefonos el\u00e9rhet\u0151s\u00e9geink:<br \/>\n<\/strong>Rauchn\u00e9 Csenki Anna<br \/>\n+36 30\/697-39-63<\/p>\n<p>Rauch Anna<br \/>\n+36 30\/646-81-36<\/p>\n<p><strong>Nyitvatart\u00e1s:\u00a0<\/strong><br \/>\nH\u00e9tf\u0151-P\u00e9ntek: 8:00-18:00<br \/>\nSzombat: 8:00-12:00<br \/>\nVas\u00e1rnap: z\u00e1rva<\/p>\n<p><em>(Szem\u00e9lyes tal\u00e1lkoz\u00f3hoz el\u0151zetes id\u0151pont egyeztet\u00e9s sz\u00fcks\u00e9ges.)<\/em><\/p>\n<p>Facebook oldalunk:<br \/>\n<a href=\"https:\/\/www.facebook.com\/pg\/RAU-BAL-KFT-154900194581148\/about\/?ref=page_internal\"><img loading=\"lazy\" decoding=\"async\" class=\"wp-image-155 alignleft\" src=\"http:\/\/rau-bal.hu\/wp-content\/uploads\/2018\/12\/facebook-1024x385.png\" alt=\"\" width=\"170\" height=\"64\" \/><\/a><\/p>\n","protected":false},"excerpt":{"rendered":"<p>RAU-BAL Kft. C\u00edm: 7631 P\u00e9cs, Nagypostav\u00f6lgyi \u00fat 48. Telefonos el\u00e9rhet\u0151s\u00e9geink: Rauchn\u00e9 Csenki Anna +36 30\/697-39-63 Rauch Anna +36 30\/646-81-36 Nyitvatart\u00e1s:\u00a0 H\u00e9tf\u0151-P\u00e9ntek: 8:00-18:00 Szombat: 8:00-12:00 Vas\u00e1rnap: z\u00e1rva (Szem\u00e9lyes tal\u00e1lkoz\u00f3hoz el\u0151zetes id\u0151pont egyeztet\u00e9s sz\u00fcks\u00e9ges.) Facebook oldalunk:<\/p>\n","protected":false},"author":1,"featured_media":0,"parent":0,"menu_order":0,"comment_status":"closed","ping_status":"closed","template":"","meta":{"footnotes":""},"class_list":["post-9","page","type-page","status-publish","hentry"],"_links":{"self":[{"href":"https:\/\/rau-bal.hu\/index.php\/wp-json\/wp\/v2\/pages\/9","targetHints":{"allow":["GET"]}}],"collection":[{"href":"https:\/\/rau-bal.hu\/index.php\/wp-json\/wp\/v2\/pages"}],"about":[{"href":"https:\/\/rau-bal.hu\/index.php\/wp-json\/wp\/v2\/types\/page"}],"author":[{"embeddable":true,"href":"https:\/\/rau-bal.hu\/index.php\/wp-json\/wp\/v2\/users\/1"}],"replies":[{"embeddable":true,"href":"https:\/\/rau-bal.hu\/index.php\/wp-json\/wp\/v2\/comments?post=9"}],"version-history":[{"count":7,"href":"https:\/\/rau-bal.hu\/index.php\/wp-json\/wp\/v2\/pages\/9\/revisions"}],"predecessor-version":[{"id":182,"href":"https:\/\/rau-bal.hu\/index.php\/wp-json\/wp\/v2\/pages\/9\/revisions\/182"}],"wp:attachment":[{"href":"https:\/\/rau-bal.hu\/index.php\/wp-json\/wp\/v2\/media?parent=9"}],"curies":[{"name":"wp","href":"https:\/\/api.w.org\/{rel}","templated":true}]}}