{"id":86,"date":"2018-04-02T16:45:30","date_gmt":"2018-04-02T16:45:30","guid":{"rendered":"http:\/\/rau-bal.hu\/?page_id=86"},"modified":"2024-01-17T08:39:06","modified_gmt":"2024-01-17T08:39:06","slug":"arak","status":"publish","type":"page","link":"https:\/\/rau-bal.hu\/index.php\/arak\/","title":{"rendered":"\u00c1rak"},"content":{"rendered":"<p><strong>Nett\u00f3 alap\u00e1raink havonta a k\u00f6vetkez\u0151k:<\/strong><\/p>\n<ul>\n<li>Egy\u00e9ni v\u00e1llalkoz\u00f3 (EV):\u00a0 <strong>10<\/strong><strong>.000 Ft-t\u00f3l\u00a0<\/strong><\/li>\n<li>\u00c1FA k\u00f6r\u00f6s egy\u00e9ni v\u00e1llalkoz\u00f3: <strong>15.000 Ft-t\u00f3l<\/strong><\/li>\n<li>Egy\u00e9ni v\u00e1llalkoz\u00f3 (KATA):<strong> 5.000 Ft<\/strong><\/li>\n<li>Bet\u00e9ti t\u00e1rsas\u00e1g (Bt.):<strong> 15.000 Ft-t\u0151l<\/strong><\/li>\n<li>Civil szervezetek:<strong> 20.000 Ft-t\u00f3l<\/strong> <em>(A szervezet nagys\u00e1g\u00e1t\u00f3l f\u00fcgg\u0151en.)<\/em><\/li>\n<li>Korl\u00e1tolt felel\u0151ss\u00e9g\u0171 t\u00e1rsas\u00e1g (Kft.):\u00a0<strong>25.000 Ft-t\u0151l<\/strong><\/li>\n<li>B\u00e9rsz\u00e1mfejt\u00e9s : <strong>2.000 Ft\/f\u0151<\/strong><\/li>\n<\/ul>\n<p><em>\u00c9v v\u00e9gi z\u00e1r\u00e1shoz kapcsol\u00f3d\u00f3 feladatok:\u00a0<strong>1 havi k\u00f6nyvel\u00e9si d\u00edjnak<\/strong>\u00a0megfelel\u0151 \u00f6sszeg.<\/em><\/p>\n<p><strong>A fenti \u00e1rakat csak t\u00e1j\u00e9koztat\u00f3 jelleg\u00fcek, az al\u00e1bbi szempontok befoly\u00e1solj\u00e1k:\u00a0<\/strong><\/p>\n<ul>\n<li>k\u00f6nyvelend\u0151 bizonylatok mennyis\u00e9ge<\/li>\n<li>a c\u00e9g \u00e1rbev\u00e9tele<\/li>\n<li>\u00c1FA bevall\u00e1s gyakoris\u00e1ga<\/li>\n<li>egy\u00e9b k\u00fcl\u00f6nleges ig\u00e9nyeknek megfelel\u0151 k\u00f6nyvel\u00e9s<\/li>\n<\/ul>\n<p><img loading=\"lazy\" decoding=\"async\" class=\"aligncenter size-medium wp-image-105\" src=\"http:\/\/rau-bal.hu\/wp-content\/uploads\/2018\/04\/ceramic-money-lighting-toy-piglet-figurine-800858-pxhere.com_-300x200.jpg\" alt=\"\" width=\"300\" height=\"200\" srcset=\"https:\/\/rau-bal.hu\/wp-content\/uploads\/2018\/04\/ceramic-money-lighting-toy-piglet-figurine-800858-pxhere.com_-300x200.jpg 300w, https:\/\/rau-bal.hu\/wp-content\/uploads\/2018\/04\/ceramic-money-lighting-toy-piglet-figurine-800858-pxhere.com_-768x512.jpg 768w, https:\/\/rau-bal.hu\/wp-content\/uploads\/2018\/04\/ceramic-money-lighting-toy-piglet-figurine-800858-pxhere.com_-1024x683.jpg 1024w, https:\/\/rau-bal.hu\/wp-content\/uploads\/2018\/04\/ceramic-money-lighting-toy-piglet-figurine-800858-pxhere.com_-1200x800.jpg 1200w, https:\/\/rau-bal.hu\/wp-content\/uploads\/2018\/04\/ceramic-money-lighting-toy-piglet-figurine-800858-pxhere.com_.jpg 1350w\" sizes=\"auto, (max-width: 300px) 85vw, 300px\" \/><\/p>\n","protected":false},"excerpt":{"rendered":"<p>Nett\u00f3 alap\u00e1raink havonta a k\u00f6vetkez\u0151k: Egy\u00e9ni v\u00e1llalkoz\u00f3 (EV):\u00a0 10.000 Ft-t\u00f3l\u00a0 \u00c1FA k\u00f6r\u00f6s egy\u00e9ni v\u00e1llalkoz\u00f3: 15.000 Ft-t\u00f3l Egy\u00e9ni v\u00e1llalkoz\u00f3 (KATA): 5.000 Ft Bet\u00e9ti t\u00e1rsas\u00e1g (Bt.): 15.000 Ft-t\u0151l Civil szervezetek: 20.000 Ft-t\u00f3l (A szervezet nagys\u00e1g\u00e1t\u00f3l f\u00fcgg\u0151en.) Korl\u00e1tolt felel\u0151ss\u00e9g\u0171 t\u00e1rsas\u00e1g (Kft.):\u00a025.000 Ft-t\u0151l B\u00e9rsz\u00e1mfejt\u00e9s : 2.000 Ft\/f\u0151 \u00c9v v\u00e9gi z\u00e1r\u00e1shoz kapcsol\u00f3d\u00f3 feladatok:\u00a01 havi k\u00f6nyvel\u00e9si d\u00edjnak\u00a0megfelel\u0151 \u00f6sszeg. A fenti \u00e1rakat &hellip; <a href=\"https:\/\/rau-bal.hu\/index.php\/arak\/\" class=\"more-link\"><span class=\"screen-reader-text\">&#8222;\u00c1rak&#8221;<\/span> b\u0151vebben<\/a><\/p>\n","protected":false},"author":1,"featured_media":0,"parent":0,"menu_order":0,"comment_status":"closed","ping_status":"closed","template":"","meta":{"footnotes":""},"class_list":["post-86","page","type-page","status-publish","hentry"],"_links":{"self":[{"href":"https:\/\/rau-bal.hu\/index.php\/wp-json\/wp\/v2\/pages\/86","targetHints":{"allow":["GET"]}}],"collection":[{"href":"https:\/\/rau-bal.hu\/index.php\/wp-json\/wp\/v2\/pages"}],"about":[{"href":"https:\/\/rau-bal.hu\/index.php\/wp-json\/wp\/v2\/types\/page"}],"author":[{"embeddable":true,"href":"https:\/\/rau-bal.hu\/index.php\/wp-json\/wp\/v2\/users\/1"}],"replies":[{"embeddable":true,"href":"https:\/\/rau-bal.hu\/index.php\/wp-json\/wp\/v2\/comments?post=86"}],"version-history":[{"count":9,"href":"https:\/\/rau-bal.hu\/index.php\/wp-json\/wp\/v2\/pages\/86\/revisions"}],"predecessor-version":[{"id":216,"href":"https:\/\/rau-bal.hu\/index.php\/wp-json\/wp\/v2\/pages\/86\/revisions\/216"}],"wp:attachment":[{"href":"https:\/\/rau-bal.hu\/index.php\/wp-json\/wp\/v2\/media?parent=86"}],"curies":[{"name":"wp","href":"https:\/\/api.w.org\/{rel}","templated":true}]}}