{"id":7,"date":"2018-03-25T14:09:15","date_gmt":"2018-03-25T14:09:15","guid":{"rendered":"http:\/\/rau-bal.hu\/?page_id=7"},"modified":"2018-04-02T17:05:49","modified_gmt":"2018-04-02T17:05:49","slug":"kezdolap","status":"publish","type":"page","link":"https:\/\/rau-bal.hu\/","title":{"rendered":"Kezd\u0151lap"},"content":{"rendered":"<h2><strong>Kedves L\u00e1togat\u00f3!<\/strong><\/h2>\n<h6>K\u00f6sz\u00f6ntj\u00fck oldalunkon!<\/h6>\n<p>K\u00f6nyvel\u0151irod\u00e1nkat <em>20 \u00e9v<\/em> k\u00f6nyvel\u00e9s \u00e9s b\u00e9rsz\u00e1mfejt\u00e9s ter\u00fclet\u00e9n szerzett tapasztalattal a h\u00e1tunk m\u00f6g\u00f6tt alap\u00edtottuk 2011-ben.<\/p>\n<p>C\u00e9lunk az volt, hogy a szakmai tud\u00e1sunkat \u00e9s a hazai v\u00e1llalkoz\u00e1sok m\u0171k\u00f6d\u00e9s\u00e9ben szerzett ismereteinket felhaszn\u00e1lva magas sz\u00ednvonal\u00fa<strong> sz\u00e1mviteli \u00e9s munka\u00fcgyi szolg\u00e1ltat\u00e1sokat<\/strong> ny\u00fajtsunk, mellyel \u00a0hat\u00e9konyan tudjuk megalapozni \u00fcgyfeleink \u00fczleti d\u00f6nt\u00e9seit. Profilunk sz\u00e1mviteli bizonylatok, gazdas\u00e1gi esem\u00e9nyek teljes k\u00f6r\u0171 k\u00f6nyvel\u00e9se.<\/p>\n<p><em>RAU-BAL Kft.\u00a0<\/em><\/p>\n<p><img loading=\"lazy\" decoding=\"async\" class=\"aligncenter size-large wp-image-80\" src=\"http:\/\/rau-bal.hu\/wp-content\/uploads\/2018\/04\/laptop-desk-computer-work-man-working-644378-pxhere.com_-1024x576.jpg\" alt=\"\" width=\"840\" height=\"473\" srcset=\"https:\/\/rau-bal.hu\/wp-content\/uploads\/2018\/04\/laptop-desk-computer-work-man-working-644378-pxhere.com_-1024x576.jpg 1024w, https:\/\/rau-bal.hu\/wp-content\/uploads\/2018\/04\/laptop-desk-computer-work-man-working-644378-pxhere.com_-300x169.jpg 300w, https:\/\/rau-bal.hu\/wp-content\/uploads\/2018\/04\/laptop-desk-computer-work-man-working-644378-pxhere.com_-768x432.jpg 768w, https:\/\/rau-bal.hu\/wp-content\/uploads\/2018\/04\/laptop-desk-computer-work-man-working-644378-pxhere.com_-1200x675.jpg 1200w, https:\/\/rau-bal.hu\/wp-content\/uploads\/2018\/04\/laptop-desk-computer-work-man-working-644378-pxhere.com_.jpg 1600w\" sizes=\"auto, (max-width: 709px) 85vw, (max-width: 909px) 67vw, (max-width: 1362px) 62vw, 840px\" \/><\/p>\n","protected":false},"excerpt":{"rendered":"<p>Kedves L\u00e1togat\u00f3! K\u00f6sz\u00f6ntj\u00fck oldalunkon! K\u00f6nyvel\u0151irod\u00e1nkat 20 \u00e9v k\u00f6nyvel\u00e9s \u00e9s b\u00e9rsz\u00e1mfejt\u00e9s ter\u00fclet\u00e9n szerzett tapasztalattal a h\u00e1tunk m\u00f6g\u00f6tt alap\u00edtottuk 2011-ben. C\u00e9lunk az volt, hogy a szakmai tud\u00e1sunkat \u00e9s a hazai v\u00e1llalkoz\u00e1sok m\u0171k\u00f6d\u00e9s\u00e9ben szerzett ismereteinket felhaszn\u00e1lva magas sz\u00ednvonal\u00fa sz\u00e1mviteli \u00e9s munka\u00fcgyi szolg\u00e1ltat\u00e1sokat ny\u00fajtsunk, mellyel \u00a0hat\u00e9konyan tudjuk megalapozni \u00fcgyfeleink \u00fczleti d\u00f6nt\u00e9seit. Profilunk sz\u00e1mviteli bizonylatok, gazdas\u00e1gi esem\u00e9nyek teljes k\u00f6r\u0171 k\u00f6nyvel\u00e9se. &hellip; <a href=\"https:\/\/rau-bal.hu\/\" class=\"more-link\"><span class=\"screen-reader-text\">&#8222;Kezd\u0151lap&#8221;<\/span> b\u0151vebben<\/a><\/p>\n","protected":false},"author":1,"featured_media":0,"parent":0,"menu_order":0,"comment_status":"closed","ping_status":"closed","template":"","meta":{"footnotes":""},"class_list":["post-7","page","type-page","status-publish","hentry"],"_links":{"self":[{"href":"https:\/\/rau-bal.hu\/index.php\/wp-json\/wp\/v2\/pages\/7","targetHints":{"allow":["GET"]}}],"collection":[{"href":"https:\/\/rau-bal.hu\/index.php\/wp-json\/wp\/v2\/pages"}],"about":[{"href":"https:\/\/rau-bal.hu\/index.php\/wp-json\/wp\/v2\/types\/page"}],"author":[{"embeddable":true,"href":"https:\/\/rau-bal.hu\/index.php\/wp-json\/wp\/v2\/users\/1"}],"replies":[{"embeddable":true,"href":"https:\/\/rau-bal.hu\/index.php\/wp-json\/wp\/v2\/comments?post=7"}],"version-history":[{"count":8,"href":"https:\/\/rau-bal.hu\/index.php\/wp-json\/wp\/v2\/pages\/7\/revisions"}],"predecessor-version":[{"id":177,"href":"https:\/\/rau-bal.hu\/index.php\/wp-json\/wp\/v2\/pages\/7\/revisions\/177"}],"wp:attachment":[{"href":"https:\/\/rau-bal.hu\/index.php\/wp-json\/wp\/v2\/media?parent=7"}],"curies":[{"name":"wp","href":"https:\/\/api.w.org\/{rel}","templated":true}]}}