{"id":128,"date":"2018-04-03T14:29:31","date_gmt":"2018-04-03T14:29:31","guid":{"rendered":"http:\/\/rau-bal.hu\/?page_id=128"},"modified":"2023-09-22T07:05:12","modified_gmt":"2023-09-22T07:05:12","slug":"hirek","status":"publish","type":"page","link":"https:\/\/rau-bal.hu\/index.php\/hirek\/","title":{"rendered":"H\u00edrek"},"content":{"rendered":"<h5>A hiteles inform\u00e1ci\u00f3k folyamatosan aktualiz\u00e1lt forr\u00e1sa:<\/h5>\n<ul>\n<li><a href=\"https:\/\/nav.gov.hu\/ugyfeliranytu\/nezzen-utana\/inf_fuz\">NAV inform\u00e1ci\u00f3s f\u00fczetek<\/a><\/li>\n<li><a href=\"https:\/\/nav.gov.hu\/sajtoszoba\/hirek\">NAV Sajt\u00f3szoba<\/a><\/li>\n<li><a href=\"http:\/\/www.kozlonyok.hu\/kozlonyok\/valaszt.htm\">K\u00f6zl\u00f6ny\u00f6k Online<\/a><\/li>\n<li><a href=\"https:\/\/ado.hu\/\">Ad\u00f3 Online<\/a><\/li>\n<li><a href=\"https:\/\/adozona.hu\/\">Ad\u00f3z\u00f3na<\/a><\/li>\n<\/ul>\n<p>K\u00e9rd\u00e9s eset\u00e9n \u00e1llunk rendelkez\u00e9s\u00e9re el\u00e9rhet\u0151s\u00e9geink b\u00e1rmelyik\u00e9n.<\/p>\n<p><img loading=\"lazy\" decoding=\"async\" class=\"aligncenter size-large wp-image-205\" src=\"http:\/\/rau-bal.hu\/wp-content\/uploads\/2023\/09\/nevjegy_uj-1024x585.png\" alt=\"\" width=\"840\" height=\"480\" srcset=\"https:\/\/rau-bal.hu\/wp-content\/uploads\/2023\/09\/nevjegy_uj-1024x585.png 1024w, https:\/\/rau-bal.hu\/wp-content\/uploads\/2023\/09\/nevjegy_uj-300x171.png 300w, https:\/\/rau-bal.hu\/wp-content\/uploads\/2023\/09\/nevjegy_uj-768x439.png 768w, https:\/\/rau-bal.hu\/wp-content\/uploads\/2023\/09\/nevjegy_uj-1200x686.png 1200w\" sizes=\"auto, (max-width: 709px) 85vw, (max-width: 909px) 67vw, (max-width: 1362px) 62vw, 840px\" \/><\/p>\n<p><em>RAU-BAL Kft.\u00a0<\/em><\/p>\n","protected":false},"excerpt":{"rendered":"<p>A hiteles inform\u00e1ci\u00f3k folyamatosan aktualiz\u00e1lt forr\u00e1sa: NAV inform\u00e1ci\u00f3s f\u00fczetek NAV Sajt\u00f3szoba K\u00f6zl\u00f6ny\u00f6k Online Ad\u00f3 Online Ad\u00f3z\u00f3na K\u00e9rd\u00e9s eset\u00e9n \u00e1llunk rendelkez\u00e9s\u00e9re el\u00e9rhet\u0151s\u00e9geink b\u00e1rmelyik\u00e9n. RAU-BAL Kft.\u00a0<\/p>\n","protected":false},"author":1,"featured_media":0,"parent":0,"menu_order":0,"comment_status":"closed","ping_status":"closed","template":"","meta":{"footnotes":""},"class_list":["post-128","page","type-page","status-publish","hentry"],"_links":{"self":[{"href":"https:\/\/rau-bal.hu\/index.php\/wp-json\/wp\/v2\/pages\/128","targetHints":{"allow":["GET"]}}],"collection":[{"href":"https:\/\/rau-bal.hu\/index.php\/wp-json\/wp\/v2\/pages"}],"about":[{"href":"https:\/\/rau-bal.hu\/index.php\/wp-json\/wp\/v2\/types\/page"}],"author":[{"embeddable":true,"href":"https:\/\/rau-bal.hu\/index.php\/wp-json\/wp\/v2\/users\/1"}],"replies":[{"embeddable":true,"href":"https:\/\/rau-bal.hu\/index.php\/wp-json\/wp\/v2\/comments?post=128"}],"version-history":[{"count":8,"href":"https:\/\/rau-bal.hu\/index.php\/wp-json\/wp\/v2\/pages\/128\/revisions"}],"predecessor-version":[{"id":207,"href":"https:\/\/rau-bal.hu\/index.php\/wp-json\/wp\/v2\/pages\/128\/revisions\/207"}],"wp:attachment":[{"href":"https:\/\/rau-bal.hu\/index.php\/wp-json\/wp\/v2\/media?parent=128"}],"curies":[{"name":"wp","href":"https:\/\/api.w.org\/{rel}","templated":true}]}}